{"id":336,"date":"2024-09-09T15:37:40","date_gmt":"2024-09-09T18:37:40","guid":{"rendered":"https:\/\/prograd.uepa.br\/forum\/2024\/?page_id=336"},"modified":"2024-09-09T17:56:38","modified_gmt":"2024-09-09T20:56:38","slug":"salas-virtuais","status":"publish","type":"page","link":"https:\/\/prograd.uepa.br\/forum\/2024\/index.php\/salas-virtuais\/","title":{"rendered":"Salas Virtuais"},"content":{"rendered":"\n<div class=\"wp-block-uagb-container uagb-block-166531d9 alignfull uagb-is-root-container\"><div class=\"uagb-container-inner-blocks-wrap\">\n<div class=\"wp-block-uagb-advanced-heading uagb-block-f76d2fc0\"><h2 class=\"uagb-heading-text\">I simp\u00f3sio da prograd (Abertura)<\/h2><div class=\"uagb-separator\"><\/div><\/div>\n\n\n\n<div class=\"wp-block-uagb-advanced-heading uagb-block-05e4c628\"><h4 class=\"uagb-heading-text\"><strong> 10 de set. 19:00 \u2013 21:30<\/strong><\/h4><\/div>\n\n\n\n<div class=\"wp-block-uagb-advanced-heading uagb-block-25a6419d\"><h4 class=\"uagb-heading-text\"><a href=\"https:\/\/teams.microsoft.com\/l\/meetup-join\/19%3ameeting_MTc5MWIzMWUtMGI2Mi00YWIxLWEyZTgtZTgzZTkxNzViMmYw%40thread.v2\/0?context=%7b%22Tid%22%3a%22866fa47f-b58f-46a1-b67b-a9e5a258f84d%22%2c%22Oid%22%3a%2211883918-e810-4560-80aa-51dc34630712%22%7d\"><strong><strong>Link do Teams<\/strong><\/strong> (clique aqui)<\/a><\/h4><\/div>\n<\/div><\/div>\n\n\n\n<div class=\"wp-block-uagb-container uagb-block-26ed1669 alignfull uagb-is-root-container\"><div class=\"uagb-container-inner-blocks-wrap\">\n<div class=\"wp-block-uagb-advanced-heading uagb-block-6eefd27a\"><h2 class=\"uagb-heading-text\">I Simp\u00f3sio da Prograd e III F\u00f3rum de Gradua\u00e7\u00e3o da Uepa<\/h2><div class=\"uagb-separator\"><\/div><\/div>\n\n\n\n<div class=\"wp-block-uagb-advanced-heading uagb-block-0e6e08db\"><h4 class=\"uagb-heading-text\"><strong>11 de set. 08:00 \u2013 12:00<\/strong><\/h4><\/div>\n\n\n\n<div class=\"wp-block-uagb-advanced-heading uagb-block-b242d659\"><h4 class=\"uagb-heading-text\"><a href=\"https:\/\/teams.microsoft.com\/l\/meetup-join\/19%3ameeting_OTc4M2YzYjYtMTJiOC00NGVjLTg2YzgtNDFlMjI5YzBhY2Ew%40thread.v2\/0?context=%7b%22Tid%22%3a%22866fa47f-b58f-46a1-b67b-a9e5a258f84d%22%2c%22Oid%22%3a%2211883918-e810-4560-80aa-51dc34630712%22%7d\"><strong><strong>Link do Teams<\/strong><\/strong> (clique aqui)<\/a><\/h4><\/div>\n<\/div><\/div>\n\n\n\n<div class=\"wp-block-uagb-container uagb-block-3d7d12bc alignfull uagb-is-root-container\"><div class=\"uagb-container-inner-blocks-wrap\">\n<div class=\"wp-block-uagb-advanced-heading uagb-block-03f0ce58\"><h2 class=\"uagb-heading-text\">Reuni\u00e3o de Trabalho com Gestores da UEPA : A curriculariza\u00e7\u00e3o da Extens\u00e3o nos cursos de gradua\u00e7\u00e3o &#8211; Camarote A<\/h2><div class=\"uagb-separator\"><\/div><\/div>\n\n\n\n<div class=\"wp-block-uagb-advanced-heading uagb-block-ec31e6a0\"><h4 class=\"uagb-heading-text\"><strong>11 de set. 13:00 \u2013 17:00<\/strong><\/h4><\/div>\n\n\n\n<div class=\"wp-block-uagb-advanced-heading uagb-block-bb5ab74a\"><h4 class=\"uagb-heading-text\"><a href=\"https:\/\/teams.microsoft.com\/l\/meetup-join\/19%3ameeting_MjBhODFjN2YtMjc1Ni00MWJmLWE1OGMtYzQzMDdiOTcxMzEz%40thread.v2\/0?context=%7b%22Tid%22%3a%22866fa47f-b58f-46a1-b67b-a9e5a258f84d%22%2c%22Oid%22%3a%2211883918-e810-4560-80aa-51dc34630712%22%7d\"><strong><strong>Link do Teams<\/strong><\/strong> (clique aqui)<\/a><\/h4><\/div>\n<\/div><\/div>\n\n\n\n<div class=\"wp-block-uagb-container uagb-block-f4f0d700 alignfull uagb-is-root-container\"><div class=\"uagb-container-inner-blocks-wrap\">\n<div class=\"wp-block-uagb-advanced-heading uagb-block-cf284cd3\"><h2 class=\"uagb-heading-text\">I Simp\u00f3sio da Prograd e III F\u00f3rum de Gradua\u00e7\u00e3o da Uepa &#8211; Camarote A<\/h2><div class=\"uagb-separator\"><\/div><\/div>\n\n\n\n<div class=\"wp-block-uagb-advanced-heading uagb-block-1c947f4c\"><h4 class=\"uagb-heading-text\"><strong>11 de set. 14:00 \u2013 18:00<\/strong><\/h4><\/div>\n\n\n\n<div class=\"wp-block-uagb-advanced-heading uagb-block-504e5015\"><h4 class=\"uagb-heading-text\"><a href=\"https:\/\/teams.microsoft.com\/l\/meetup-join\/19%3ameeting_NjA4YjNjM2QtODhiOS00OWRkLTkxMjctYzk3MGJkNDBmMDZi%40thread.v2\/0?context=%7b%22Tid%22%3a%22866fa47f-b58f-46a1-b67b-a9e5a258f84d%22%2c%22Oid%22%3a%2211883918-e810-4560-80aa-51dc34630712%22%7d\"><strong><strong>Link do Teams<\/strong><\/strong> (clique aqui)<\/a><\/h4><\/div>\n<\/div><\/div>\n\n\n\n<div class=\"wp-block-uagb-container uagb-block-77bc6278 alignfull uagb-is-root-container\"><div class=\"uagb-container-inner-blocks-wrap\">\n<div class=\"wp-block-uagb-advanced-heading uagb-block-9c4d5019\"><h2 class=\"uagb-heading-text\">I Simp\u00f3sio da Prograd e III F\u00f3rum de Gradua\u00e7\u00e3o da Uepa<\/h2><div class=\"uagb-separator\"><\/div><\/div>\n\n\n\n<div class=\"wp-block-uagb-advanced-heading uagb-block-ffccd0a9\"><h4 class=\"uagb-heading-text\"><strong>12 de set. 08:30 \u2013 12:00<\/strong><\/h4><\/div>\n\n\n\n<div class=\"wp-block-uagb-advanced-heading uagb-block-1d38b1e7\"><h4 class=\"uagb-heading-text\"><a href=\"https:\/\/teams.microsoft.com\/l\/meetup-join\/19%3ameeting_YTA2Y2I5ZjktMjBmOS00NjE4LTk3ZWItMmNiZjhhY2EzNzE1%40thread.v2\/0?context=%7b%22Tid%22%3a%22866fa47f-b58f-46a1-b67b-a9e5a258f84d%22%2c%22Oid%22%3a%2211883918-e810-4560-80aa-51dc34630712%22%7d\"><strong><strong>Link do Teams<\/strong><\/strong> (clique aqui)<\/a><\/h4><\/div>\n<\/div><\/div>\n\n\n\n<div class=\"wp-block-uagb-container uagb-block-48ea655c alignfull uagb-is-root-container\"><div class=\"uagb-container-inner-blocks-wrap\">\n<div class=\"wp-block-uagb-advanced-heading uagb-block-5a1eed35\"><h2 class=\"uagb-heading-text\">I Simp\u00f3sio da Prograd e III F\u00f3rum de Gradua\u00e7\u00e3o da Uepa<\/h2><div class=\"uagb-separator\"><\/div><\/div>\n\n\n\n<div class=\"wp-block-uagb-advanced-heading uagb-block-645dd4af\"><h4 class=\"uagb-heading-text\"><strong>12 de set. 17:00 \u2013 19:00<\/strong><\/h4><\/div>\n\n\n\n<div class=\"wp-block-uagb-advanced-heading uagb-block-0c0dd751\"><h4 class=\"uagb-heading-text\"><strong><strong><a href=\"https:\/\/teams.microsoft.com\/l\/meetup-join\/19%3ameeting_ZTZkNjc2MTAtYzFlMy00NjYwLTlmMDAtMTljYjZmZDEwNjQ3%40thread.v2\/0?context=%7b%22Tid%22%3a%22866fa47f-b58f-46a1-b67b-a9e5a258f84d%22%2c%22Oid%22%3a%2211883918-e810-4560-80aa-51dc34630712%22%7d\">Link do Teams<\/a><\/strong><\/strong> (clique aqui)<\/h4><\/div>\n<\/div><\/div>\n","protected":false},"excerpt":{"rendered":"<p>I simp\u00f3sio da prograd (Abertura) 10 de set. 19:00 \u2013 21:30 Link do Teams (clique aqui) I Simp\u00f3sio da Prograd [&hellip;]<\/p>\n","protected":false},"author":1,"featured_media":0,"parent":0,"menu_order":0,"comment_status":"closed","ping_status":"closed","template":"","meta":{"_uag_custom_page_level_css":"","site-sidebar-layout":"default","site-content-layout":"","ast-site-content-layout":"","site-content-style":"default","site-sidebar-style":"default","ast-global-header-display":"","ast-banner-title-visibility":"","ast-main-header-display":"","ast-hfb-above-header-display":"","ast-hfb-below-header-display":"","ast-hfb-mobile-header-display":"","site-post-title":"disabled","ast-breadcrumbs-content":"","ast-featured-img":"","footer-sml-layout":"","theme-transparent-header-meta":"","adv-header-id-meta":"","stick-header-meta":"","header-above-stick-meta":"","header-main-stick-meta":"","header-below-stick-meta":"","astra-migrate-meta-layouts":"default","ast-page-background-enabled":"default","ast-page-background-meta":{"desktop":{"background-color":"var(--ast-global-color-4)","background-image":"","background-repeat":"repeat","background-position":"center center","background-size":"auto","background-attachment":"scroll","background-type":"","background-media":"","overlay-type":"","overlay-color":"","overlay-gradient":""},"tablet":{"background-color":"","background-image":"","background-repeat":"repeat","background-position":"center center","background-size":"auto","background-attachment":"scroll","background-type":"","background-media":"","overlay-type":"","overlay-color":"","overlay-gradient":""},"mobile":{"background-color":"","background-image":"","background-repeat":"repeat","background-position":"center center","background-size":"auto","background-attachment":"scroll","background-type":"","background-media":"","overlay-type":"","overlay-color":"","overlay-gradient":""}},"ast-content-background-meta":{"desktop":{"background-color":"var(--ast-global-color-5)","background-image":"","background-repeat":"repeat","background-position":"center center","background-size":"auto","background-attachment":"scroll","background-type":"","background-media":"","overlay-type":"","overlay-color":"","overlay-gradient":""},"tablet":{"background-color":"var(--ast-global-color-5)","background-image":"","background-repeat":"repeat","background-position":"center center","background-size":"auto","background-attachment":"scroll","background-type":"","background-media":"","overlay-type":"","overlay-color":"","overlay-gradient":""},"mobile":{"background-color":"var(--ast-global-color-5)","background-image":"","background-repeat":"repeat","background-position":"center center","background-size":"auto","background-attachment":"scroll","background-type":"","background-media":"","overlay-type":"","overlay-color":"","overlay-gradient":""}},"footnotes":""},"class_list":["post-336","page","type-page","status-publish","hentry"],"uagb_featured_image_src":{"full":false,"thumbnail":false,"medium":false,"medium_large":false,"large":false,"1536x1536":false,"2048x2048":false},"uagb_author_info":{"display_name":"adminsites@uepa.br","author_link":"https:\/\/prograd.uepa.br\/forum\/2024\/index.php\/author\/adminsitesuepa-br\/"},"uagb_comment_info":0,"uagb_excerpt":"I simp\u00f3sio da prograd (Abertura) 10 de set. 19:00 \u2013 21:30 Link do Teams (clique aqui) I Simp\u00f3sio da Prograd [&hellip;]","_links":{"self":[{"href":"https:\/\/prograd.uepa.br\/forum\/2024\/index.php\/wp-json\/wp\/v2\/pages\/336","targetHints":{"allow":["GET"]}}],"collection":[{"href":"https:\/\/prograd.uepa.br\/forum\/2024\/index.php\/wp-json\/wp\/v2\/pages"}],"about":[{"href":"https:\/\/prograd.uepa.br\/forum\/2024\/index.php\/wp-json\/wp\/v2\/types\/page"}],"author":[{"embeddable":true,"href":"https:\/\/prograd.uepa.br\/forum\/2024\/index.php\/wp-json\/wp\/v2\/users\/1"}],"replies":[{"embeddable":true,"href":"https:\/\/prograd.uepa.br\/forum\/2024\/index.php\/wp-json\/wp\/v2\/comments?post=336"}],"version-history":[{"count":15,"href":"https:\/\/prograd.uepa.br\/forum\/2024\/index.php\/wp-json\/wp\/v2\/pages\/336\/revisions"}],"predecessor-version":[{"id":359,"href":"https:\/\/prograd.uepa.br\/forum\/2024\/index.php\/wp-json\/wp\/v2\/pages\/336\/revisions\/359"}],"wp:attachment":[{"href":"https:\/\/prograd.uepa.br\/forum\/2024\/index.php\/wp-json\/wp\/v2\/media?parent=336"}],"curies":[{"name":"wp","href":"https:\/\/api.w.org\/{rel}","templated":true}]}}