{"id":60,"date":"2024-02-16T16:57:24","date_gmt":"2024-02-16T19:57:24","guid":{"rendered":"https:\/\/propesp.uepa.br\/forum\/2024\/?page_id=60"},"modified":"2024-09-10T16:54:38","modified_gmt":"2024-09-10T19:54:38","slug":"programacao","status":"publish","type":"page","link":"https:\/\/prograd.uepa.br\/forum\/2024\/index.php\/programacao\/","title":{"rendered":"Programa\u00e7\u00e3o"},"content":{"rendered":"\n<div class=\"wp-block-uagb-container uagb-block-c8fd6b20 alignfull uagb-is-root-container\"><div class=\"uagb-container-inner-blocks-wrap\">\n<div class=\"wp-block-uagb-container uagb-block-166531d9 alignfull uagb-is-root-container\"><div class=\"uagb-container-inner-blocks-wrap\">\n<div class=\"wp-block-uagb-advanced-heading uagb-block-f76d2fc0\"><h2 class=\"uagb-heading-text\">10\/09\/2024 (ter\u00e7a-feira) &#8211; Audit\u00f3rio Karaj\u00e1s<\/h2><div class=\"uagb-separator\"><\/div><\/div>\n\n\n\n<div class=\"wp-block-uagb-advanced-heading uagb-block-bb1a65bb\"><h4 class=\"uagb-heading-text\"><strong><strong>19h \u00e0s 21h<\/strong> &#8211; Participa\u00e7\u00e3o dos int\u00e9rpretes de Libras<\/strong><\/h4><\/div>\n\n\n\n<div class=\"wp-block-uagb-advanced-heading uagb-block-25a6419d\"><h4 class=\"uagb-heading-text\"><strong>17h \u00e0s 19h &#8211; Credenciamento<\/strong><\/h4><\/div>\n\n\n\n<div class=\"wp-block-uagb-advanced-heading uagb-block-0a5a9e1a\"><h4 class=\"uagb-heading-text\"><strong><strong>19h \u00e0s 19:30h &#8211; Mesa de abertura<\/strong><\/strong><\/h4><\/div>\n\n\n\n<div class=\"wp-block-uagb-advanced-heading uagb-block-332ddbb0\"><h4 class=\"uagb-heading-text\"> 19:30h \u00e0s 20:30h &#8211; <strong>Confer\u00eancia de abertura<\/strong>: A intelig\u00eancia artificial no contexto universit\u00e1rio<\/h4><\/div>\n\n\n\n<div class=\"wp-block-uagb-advanced-heading uagb-block-ecdd3008\"><p class=\"uagb-heading-text\">Conferencista: Prof. Dr. Lu\u00eds Miguel Dias Caetano (UNILAB)<\/p><\/div>\n\n\n\n<div class=\"wp-block-uagb-advanced-heading uagb-block-92fba852\"><h4 class=\"uagb-heading-text\">20:30h &#8211; Programa\u00e7\u00e3o cultural e coquetel<\/h4><\/div>\n<\/div><\/div>\n\n\n\n<div class=\"wp-block-uagb-container uagb-block-b5a54dcf alignfull uagb-is-root-container\"><div class=\"uagb-container-inner-blocks-wrap\">\n<div class=\"wp-block-uagb-advanced-heading uagb-block-cbddb8b8\"><h2 class=\"uagb-heading-text\">11\/09\/2024 (quarta-feira)<\/h2><div class=\"uagb-separator\"><\/div><\/div>\n\n\n\n<div class=\"wp-block-uagb-advanced-heading uagb-block-df022558\"><h4 class=\"uagb-heading-text\"><strong>8h \u00e0s 12h; <strong>14h \u00e0s 18h<\/strong> &#8211; Participa\u00e7\u00e3o dos int\u00e9rpretes de Libras<\/strong><\/h4><\/div>\n\n\n\n<div class=\"wp-block-uagb-advanced-heading uagb-block-3ea2b36b\"><h4 class=\"uagb-heading-text\">08h \u00e0s 09h &#8211; <strong><strong>Confer\u00eancia: <\/strong><\/strong>A curriculariza\u00e7\u00e3o da extens\u00e3o conferencista externo (Camarote A e B)<\/h4><\/div>\n\n\n\n<div class=\"wp-block-uagb-advanced-heading uagb-block-66c73d5e\"><p class=\"uagb-heading-text\">Prof. Dr. Jo\u00e3o Geraldo C. Campos (Fundador e CEO do Instituto Sapienza)<br>Moderadora: Profa. Dra. Acylena Coelho Costa<\/p><\/div>\n\n\n\n<div class=\"wp-block-uagb-advanced-heading uagb-block-d6c58d5b\"><h4 class=\"uagb-heading-text\"><strong>09h \u00e0s 11h \u2013 Mesa Redonda: Experi\u00eancia de curriculariza\u00e7\u00e3o da extens\u00e3o nos cursos de gradua\u00e7\u00e3o da UEPA<\/strong> (Karaj\u00e1s)<\/h4><\/div>\n\n\n\n<div class=\"wp-block-uagb-advanced-heading uagb-block-3b6dd236\"><p class=\"uagb-heading-text\">Conferencista: Professores da UEPA<br>Prof. Dr. Wanderson Alexandre da Silva Quinto (CCNT)<br>Profa Me Ceila Ribeiro de Moraes (CCSE)<br>Profa Dra Maria Liracy Batista de Souza (CCBS)<br>Mediador: PROF. DR. Ednalvo Campos (PR\u00d3-REITOR DE GRADUA\u00c7\u00c3O\/UEPA)<\/p><\/div>\n\n\n\n<div class=\"wp-block-uagb-advanced-heading uagb-block-5181b869\"><h4 class=\"uagb-heading-text\">11h \u00e0s 12h &#8211; Sess\u00e3o de Encaminhamentos (Camarote A e B)<\/h4><\/div>\n\n\n\n<div class=\"wp-block-uagb-advanced-heading uagb-block-073cc722\"><h4 class=\"uagb-heading-text\">14h \u00e0s 17h &#8211; Reuni\u00e3o de Trabalho com Gestores da UEPA : A curriculariza\u00e7\u00e3o da Extens\u00e3o nos cursos de gradua\u00e7\u00e3o (Camarote A)<\/h4><\/div>\n\n\n\n<div class=\"wp-block-uagb-advanced-heading uagb-block-8a54f76f\"><p class=\"uagb-heading-text\">Conferencista Externo: Prof. Dr. Geraldo Campos Sapienza (Fundador e CEO do Instituto Sapienza)<br><br>OBS: Exclusivo para Gestores, Coordenadores de Curso, Chefes de Departamento, NDE e Assessoria Pedag\u00f3gica<\/p><\/div>\n\n\n\n<div class=\"wp-block-uagb-advanced-heading uagb-block-c1faff9b\"><h4 class=\"uagb-heading-text\">14h \u00e0s 16h &#8211; F\u00f3rum de discuss\u00e3o e encaminhamentos tema: Panorama e desafios dos programas e conv\u00eanios educacionais da UEPA (Camarote B)<\/h4><\/div>\n\n\n\n<div class=\"wp-block-uagb-advanced-heading uagb-block-28d2513a\"><p class=\"uagb-heading-text\">Prof. Dr. Messias Furtado  (FORMA PAR\u00c1)<br>Maria Jos\u00e9 Cravo  (UAB)<br>Prof\u00aa. Ma.Izabel Cristina Oliveira  (PARFOR)<br>Prof\u00aa. Ma. Ana Concei\u00e7\u00e3o Oliveira  (GOGEPA\/Parauapebas)<br>Prof\u00aa. Ma. Erica Feio (CONV\u00caNIO\/Cana\u00e3 dos Caraj\u00e1s)<br>Mediadora: Prof\u00aa Dr\u00aaLucieny da Silva Pontes (DPPE\/PROGRAD)<\/p><\/div>\n\n\n\n<div class=\"wp-block-uagb-advanced-heading uagb-block-e7e56cbc\"><h4 class=\"uagb-heading-text\">17h \u00e0s 18h &#8211; Desafios e perspectivas do ensino \u00e0 dist\u00e2ncia, no contexto das IES P\u00fablicas (Camarote B)<\/h4><\/div>\n\n\n\n<div class=\"wp-block-uagb-advanced-heading uagb-block-f29afc91\"><p class=\"uagb-heading-text\">Conferencista Externo: Prof. Dr. Carlos Willians Jaques Morais (UEPG) <\/p><\/div>\n\n\n\n<div class=\"wp-block-uagb-advanced-heading uagb-block-61da7b96\"><h4 class=\"uagb-heading-text\"><strong>8h \u00e0s 12h &#8211; Participa\u00e7\u00e3o dos int\u00e9rpretes de Libras<\/strong><\/h4><\/div>\n\n\n\n<div class=\"wp-block-uagb-advanced-heading uagb-block-563114f2\"><h4 class=\"uagb-heading-text\"><strong>14h \u00e0s 18h &#8211; Participa\u00e7\u00e3o dos int\u00e9rpretes de Libras<\/strong><\/h4><\/div>\n<\/div><\/div>\n\n\n\n<div class=\"wp-block-uagb-container uagb-block-ea488488 alignfull uagb-is-root-container\"><div class=\"uagb-container-inner-blocks-wrap\">\n<div class=\"wp-block-uagb-advanced-heading uagb-block-b52cf2a5\"><h2 class=\"uagb-heading-text\">12\/09\/2024 (quinta-feira)<\/h2><div class=\"uagb-separator\"><\/div><\/div>\n\n\n\n<div class=\"wp-block-uagb-advanced-heading uagb-block-0203490e\"><h4 class=\"uagb-heading-text\"><strong>8h \u00e0s 12h; <strong>14h \u00e0s 18h<\/strong> &#8211; Participa\u00e7\u00e3o dos int\u00e9rpretes de Libras<\/strong><\/h4><\/div>\n\n\n\n<div class=\"wp-block-uagb-advanced-heading uagb-block-ae05176c\"><h4 class=\"uagb-heading-text\">9h \u00e0s 10h &#8211; Desvendado os mist\u00e9rios da intelig\u00eancia artificial: dos conceitos b\u00e1sicos \u00e0 revolu\u00e7\u00e3o tecnol\u00f3gica (Sal\u00e3o Karaj\u00e1s)<\/h4><\/div>\n\n\n\n<div class=\"wp-block-uagb-advanced-heading uagb-block-cbe68c0f\"><p class=\"uagb-heading-text\">Conferencista: Prof. Dr. Thiago Nicolau Magalh\u00e3es de Souza Conte (UEPA\/CCNT)<\/p><\/div>\n\n\n\n<div class=\"wp-block-uagb-advanced-heading uagb-block-8df2d946\"><h4 class=\"uagb-heading-text\">10h \u00e0s 11h &#8211; Curriculariza\u00e7\u00e3o da Intelig\u00eancia Artificial: Adequa\u00e7\u00e3o dos perfis dos egressos (Sal\u00e3o Karaj\u00e1s)<\/h4><\/div>\n\n\n\n<div class=\"wp-block-uagb-advanced-heading uagb-block-fe01ab99\"><p class=\"uagb-heading-text\">Conferencista: Prof. Dr. Wanderson Alexandre Quinto (UEPA\/CCNT)<\/p><\/div>\n\n\n\n<div class=\"wp-block-uagb-advanced-heading uagb-block-bd0b0743\"><h4 class=\"uagb-heading-text\">11h \u00e0s 12h &#8211; Uma vis\u00e3o da neuroci\u00eancia: A aprendizagem de novas gera\u00e7\u00f5es com o uso da intelig\u00eancia artificial<\/h4><\/div>\n\n\n\n<div class=\"wp-block-uagb-advanced-heading uagb-block-e10c24d7\"><p class=\"uagb-heading-text\">Conferencista: Prof. Dr. Bruno Duarte Gomes (UFPA)<\/p><\/div>\n\n\n\n<div class=\"wp-block-uagb-advanced-heading uagb-block-026aa212\"><h4 class=\"uagb-heading-text\">14h \u00e0s 17h &#8211; Sala interativa 1: Workshop do Uso de Intelig\u00eancia Artificial em sala de aula (Sal\u00e3o Karaj\u00e1s)<\/h4><\/div>\n\n\n\n<div class=\"wp-block-uagb-advanced-heading uagb-block-94322c87\"><p class=\"uagb-heading-text\">Ministrante: Prof. Dr. Lu\u00eds Miguel Dias Caetano (UNILAB)<\/p><\/div>\n\n\n\n<div class=\"wp-block-uagb-advanced-heading uagb-block-be2e3e31\"><h4 class=\"uagb-heading-text\">14h \u00e0s 17h &#8211; Sala interativa 2:Workshop de Ferramentas digitais para produ\u00e7\u00e3o de aulas (Sal\u00e3o Muiraquit\u00e3)<\/h4><\/div>\n\n\n\n<div class=\"wp-block-uagb-advanced-heading uagb-block-61d8ea06\"><p class=\"uagb-heading-text\">Ministrantes: Prof\u00aa Dr\u00aa. Selma Kazumi Noguchi<\/p><\/div>\n\n\n\n<div class=\"wp-block-uagb-advanced-heading uagb-block-973200e7\"><h4 class=\"uagb-heading-text\">14h \u00e0s 17h &#8211; Sala interativa 3: Workshop de Experi\u00eancia Imersiva com Realidade Aumentada em sala de aula(Sal\u00e3o Uirapuru)<\/h4><\/div>\n\n\n\n<div class=\"wp-block-uagb-advanced-heading uagb-block-bf039910\"><p class=\"uagb-heading-text\">Ministrante: Equipe Inteceleri<\/p><\/div>\n\n\n\n<div class=\"wp-block-uagb-advanced-heading uagb-block-f63153da\"><h4 class=\"uagb-heading-text\">17h \u00e0s 18h &#8211; Curr\u00edculo e Cinema: Ecofalante(Sal\u00e3o Karaj\u00e1s)<\/h4><\/div>\n\n\n\n<div class=\"wp-block-uagb-advanced-heading uagb-block-ac711373\"><h4 class=\"uagb-heading-text\">18h \u00e0s 19h &#8211; Encerramento(Sal\u00e3o Karaj\u00e1s)<\/h4><\/div>\n<\/div><\/div>\n<\/div><\/div>\n","protected":false},"excerpt":{"rendered":"<p>10\/09\/2024 (ter\u00e7a-feira) &#8211; Audit\u00f3rio Karaj\u00e1s 19h \u00e0s 21h &#8211; Participa\u00e7\u00e3o dos int\u00e9rpretes de Libras 17h \u00e0s 19h &#8211; Credenciamento 19h [&hellip;]<\/p>\n","protected":false},"author":1,"featured_media":0,"parent":0,"menu_order":0,"comment_status":"closed","ping_status":"closed","template":"","meta":{"_uag_custom_page_level_css":"","site-sidebar-layout":"default","site-content-layout":"","ast-site-content-layout":"","site-content-style":"default","site-sidebar-style":"default","ast-global-header-display":"","ast-banner-title-visibility":"","ast-main-header-display":"","ast-hfb-above-header-display":"","ast-hfb-below-header-display":"","ast-hfb-mobile-header-display":"","site-post-title":"","ast-breadcrumbs-content":"","ast-featured-img":"","footer-sml-layout":"","theme-transparent-header-meta":"","adv-header-id-meta":"","stick-header-meta":"","header-above-stick-meta":"","header-main-stick-meta":"","header-below-stick-meta":"","astra-migrate-meta-layouts":"default","ast-page-background-enabled":"default","ast-page-background-meta":{"desktop":{"background-color":"var(--ast-global-color-4)","background-image":"","background-repeat":"repeat","background-position":"center center","background-size":"auto","background-attachment":"scroll","background-type":"","background-media":"","overlay-type":"","overlay-color":"","overlay-gradient":""},"tablet":{"background-color":"","background-image":"","background-repeat":"repeat","background-position":"center center","background-size":"auto","background-attachment":"scroll","background-type":"","background-media":"","overlay-type":"","overlay-color":"","overlay-gradient":""},"mobile":{"background-color":"","background-image":"","background-repeat":"repeat","background-position":"center center","background-size":"auto","background-attachment":"scroll","background-type":"","background-media":"","overlay-type":"","overlay-color":"","overlay-gradient":""}},"ast-content-background-meta":{"desktop":{"background-color":"var(--ast-global-color-5)","background-image":"","background-repeat":"repeat","background-position":"center center","background-size":"auto","background-attachment":"scroll","background-type":"","background-media":"","overlay-type":"","overlay-color":"","overlay-gradient":""},"tablet":{"background-color":"var(--ast-global-color-5)","background-image":"","background-repeat":"repeat","background-position":"center center","background-size":"auto","background-attachment":"scroll","background-type":"","background-media":"","overlay-type":"","overlay-color":"","overlay-gradient":""},"mobile":{"background-color":"var(--ast-global-color-5)","background-image":"","background-repeat":"repeat","background-position":"center center","background-size":"auto","background-attachment":"scroll","background-type":"","background-media":"","overlay-type":"","overlay-color":"","overlay-gradient":""}},"footnotes":""},"class_list":["post-60","page","type-page","status-publish","hentry"],"uagb_featured_image_src":{"full":false,"thumbnail":false,"medium":false,"medium_large":false,"large":false,"1536x1536":false,"2048x2048":false},"uagb_author_info":{"display_name":"adminsites@uepa.br","author_link":"https:\/\/prograd.uepa.br\/forum\/2024\/index.php\/author\/adminsitesuepa-br\/"},"uagb_comment_info":0,"uagb_excerpt":"10\/09\/2024 (ter\u00e7a-feira) &#8211; Audit\u00f3rio Karaj\u00e1s 19h \u00e0s 21h &#8211; Participa\u00e7\u00e3o dos int\u00e9rpretes de Libras 17h \u00e0s 19h &#8211; Credenciamento 19h [&hellip;]","_links":{"self":[{"href":"https:\/\/prograd.uepa.br\/forum\/2024\/index.php\/wp-json\/wp\/v2\/pages\/60","targetHints":{"allow":["GET"]}}],"collection":[{"href":"https:\/\/prograd.uepa.br\/forum\/2024\/index.php\/wp-json\/wp\/v2\/pages"}],"about":[{"href":"https:\/\/prograd.uepa.br\/forum\/2024\/index.php\/wp-json\/wp\/v2\/types\/page"}],"author":[{"embeddable":true,"href":"https:\/\/prograd.uepa.br\/forum\/2024\/index.php\/wp-json\/wp\/v2\/users\/1"}],"replies":[{"embeddable":true,"href":"https:\/\/prograd.uepa.br\/forum\/2024\/index.php\/wp-json\/wp\/v2\/comments?post=60"}],"version-history":[{"count":46,"href":"https:\/\/prograd.uepa.br\/forum\/2024\/index.php\/wp-json\/wp\/v2\/pages\/60\/revisions"}],"predecessor-version":[{"id":321,"href":"https:\/\/prograd.uepa.br\/forum\/2024\/index.php\/wp-json\/wp\/v2\/pages\/60\/revisions\/321"}],"wp:attachment":[{"href":"https:\/\/prograd.uepa.br\/forum\/2024\/index.php\/wp-json\/wp\/v2\/media?parent=60"}],"curies":[{"name":"wp","href":"https:\/\/api.w.org\/{rel}","templated":true}]}}