{"id":8,"date":"2024-02-16T15:37:22","date_gmt":"2024-02-16T18:37:22","guid":{"rendered":"https:\/\/propesp.uepa.br\/forum\/2024\/?page_id=8"},"modified":"2024-09-09T15:46:12","modified_gmt":"2024-09-09T18:46:12","slug":"home","status":"publish","type":"page","link":"https:\/\/prograd.uepa.br\/forum\/2024\/","title":{"rendered":"Home"},"content":{"rendered":"\n<style>\r\n.ast-above-header-wrap  {\r\nbackground: none;\r\n}\r\n<\/style>\n\n\n\n<div class=\"wp-block-uagb-container uagb-block-ba6d9b4f alignfull uagb-is-root-container\"><div class=\"uagb-container__shape uagb-container__shape-bottom uagb-container__invert\" data-negative=\"false\"><svg xmlns=\"https:\/\/www.w3.org\/2000\/svg\" viewBox=\"0 0 1000 100\" preserveAspectRatio=\"none\"><path class=\"uagb-container__shape-fill\" d=\"M0,0c0,0,0,6,0,6.7c0,18,240.2,93.6,615.2,92.6C989.8,98.5,1000,25,1000,6.7c0-0.7,0-6.7,0-6.7H0z\"><\/path><\/svg><\/div><div class=\"uagb-container-inner-blocks-wrap\">\n<div class=\"wp-block-uagb-container uagb-block-5fdb27f6\">\n<div class=\"wp-block-uagb-container uagb-block-7d873da0\">\n<div class=\"wp-block-uagb-advanced-heading uagb-block-e41d20aa\"><h2 class=\"uagb-heading-text\"><strong>Bem-vindo!<\/strong><\/h2><\/div>\n\n\n\n<div class=\"wp-block-uagb-advanced-heading uagb-block-d2635c8b\"><p class=\"uagb-heading-text\">I Simp\u00f3sio da PROGRAD<br>III F\u00f3rum de Gradua\u00e7\u00e3o da UEPA<br>Ensino,  aprendizagem e intelig\u00eancia artificial<\/p><\/div>\n\n\n\n<div class=\"wp-block-uagb-buttons uagb-buttons__outer-wrap uagb-btn__default-btn uagb-btn-tablet__default-btn uagb-btn-mobile__default-btn uagb-block-e458a6c3\"><div class=\"uagb-buttons__wrap uagb-buttons-layout-wrap\">\n<div class=\"wp-block-uagb-buttons-child uagb-buttons__outer-wrap uagb-block-93034a8e wp-block-button\"><div class=\"uagb-button__wrapper\"><a class=\"uagb-buttons-repeater wp-block-button__link\" href=\"#mais\" onclick=\"return true;\" rel=\"follow noopener\" target=\"_self\"><div class=\"uagb-button__link\">Saiba Mais<\/div><\/a><\/div><\/div>\n<\/div><\/div>\n<\/div>\n<\/div>\n\n\n\n<div class=\"wp-block-columns is-layout-flex wp-container-core-columns-is-layout-28f84493 wp-block-columns-is-layout-flex\">\n<div class=\"wp-block-column is-layout-flow wp-block-column-is-layout-flow\">\n<div class=\"wp-block-uagb-image alignleft uagb-block-157c451d wp-block-uagb-image--layout-default wp-block-uagb-image--effect-static wp-block-uagb-image--align-left\"><figure class=\"wp-block-uagb-image__figure\"><img decoding=\"async\" srcset=\"https:\/\/propesp.uepa.br\/wp-content\/uploads\/2022\/11\/logo-uepa-branca_Prancheta-1-1024x724.png \" sizes=\"auto, (max-width: 480px) 150px\" src=\"https:\/\/propesp.uepa.br\/wp-content\/uploads\/2022\/11\/logo-uepa-branca_Prancheta-1-1024x724.png\" alt=\"\" class=\"uag-image-4288\" width=\"200\" height=\"724\" title=\"\" loading=\"lazy\"\/><\/figure><\/div>\n<\/div>\n\n\n\n<div class=\"wp-block-column is-vertically-aligned-bottom uag-hide-tab uag-hide-mob is-layout-flow wp-block-column-is-layout-flow\"><\/div>\n<\/div>\n<\/div><\/div>\n\n\n\n<div id=\"mais\" class=\"wp-block-uagb-container uagb-block-2fa68a8f alignfull uagb-is-root-container\"><div class=\"uagb-container-inner-blocks-wrap\">\n<div class=\"wp-block-uagb-container uagb-block-87ab06f8 alignfull uagb-is-root-container\"><div class=\"uagb-container-inner-blocks-wrap\">\n<div class=\"wp-block-uagb-container uagb-block-aa682e2f\">\n<div class=\"wp-block-uagb-image uagb-block-dc35d33d wp-block-uagb-image--layout-overlay wp-block-uagb-image--effect-static wp-block-uagb-image--align-none\"><figure class=\"wp-block-uagb-image__figure\"><a class=\"\" href=\"https:\/\/prograd.uepa.br\/forum\/2024\/index.php\/programacao\/\" target=\"\" rel=\"noopener\"><img decoding=\"async\" srcset=\"https:\/\/prograd.uepa.br\/forum\/2024\/wp-content\/uploads\/2024\/09\/pexels-kindel-media-6774960-e1725905964762.jpg ,https:\/\/prograd.uepa.br\/forum\/2024\/wp-content\/uploads\/2024\/09\/pexels-kindel-media-6774960-e1725905964762.jpg 780w, https:\/\/prograd.uepa.br\/forum\/2024\/wp-content\/uploads\/2024\/09\/pexels-kindel-media-6774960-e1725905964762.jpg 360w\" sizes=\"auto, (max-width: 480px) 150px\" src=\"https:\/\/prograd.uepa.br\/forum\/2024\/wp-content\/uploads\/2024\/09\/pexels-kindel-media-6774960-e1725905964762.jpg\" alt=\"\" class=\"uag-image-331\" width=\"600\" height=\"400\" title=\"\" loading=\"lazy\"\/><\/a><div class=\"wp-block-uagb-image--layout-overlay__color-wrapper\"><\/div><div class=\"wp-block-uagb-image--layout-overlay__inner center-center\"><a class=\"wp-block-uagb-image--layout-overlay-link \" href=\"https:\/\/prograd.uepa.br\/forum\/2024\/index.php\/programacao\/\" target=\"\" rel=\"noopener\"><\/a><h1 class=\"uagb-image-heading\"><a href=\"https:\/\/prograd.uepa.br\/forum\/2024\/index.php\/programacao\/\">Programa\u00e7\u00e3o<\/a><\/h1><\/div><\/figure><\/div>\n<\/div>\n\n\n\n<div class=\"wp-block-uagb-container uagb-block-c0da4696\">\n<div class=\"wp-block-uagb-image aligncenter uagb-block-65e1b1c1 wp-block-uagb-image--layout-overlay wp-block-uagb-image--effect-static wp-block-uagb-image--align-center\"><figure class=\"wp-block-uagb-image__figure\"><a class=\"\" href=\"https:\/\/sistemas.uepa.br\/eventos\/app_Login\/\" target=\"\" rel=\"noopener\"><img decoding=\"async\" srcset=\"https:\/\/prograd.uepa.br\/forum\/2024\/wp-content\/uploads\/2024\/09\/conceito-de-controle-de-qualidade-padrao-m-e1725906004781.jpg ,https:\/\/prograd.uepa.br\/forum\/2024\/wp-content\/uploads\/2024\/09\/conceito-de-controle-de-qualidade-padrao-m-e1725906004781.jpg 780w, https:\/\/prograd.uepa.br\/forum\/2024\/wp-content\/uploads\/2024\/09\/conceito-de-controle-de-qualidade-padrao-m-e1725906004781.jpg 360w\" sizes=\"auto, (max-width: 480px) 150px\" src=\"https:\/\/prograd.uepa.br\/forum\/2024\/wp-content\/uploads\/2024\/09\/conceito-de-controle-de-qualidade-padrao-m-e1725906004781.jpg\" alt=\"\" class=\"uag-image-332\" width=\"1783\" height=\"1336\" title=\"\" loading=\"lazy\"\/><\/a><div class=\"wp-block-uagb-image--layout-overlay__color-wrapper\"><\/div><div class=\"wp-block-uagb-image--layout-overlay__inner center-center\"><a class=\"wp-block-uagb-image--layout-overlay-link \" href=\"https:\/\/sistemas.uepa.br\/eventos\/app_Login\/\" target=\"\" rel=\"noopener\"><\/a><h1 class=\"uagb-image-heading\"><a href=\"https:\/\/sistemas.uepa.br\/eventos\/app_Login\/\">Inscri\u00e7\u00f5es e<br>Acompanhamento<\/a><\/h1><\/div><\/figure><\/div>\n<\/div>\n<\/div><\/div>\n\n\n\n<div class=\"wp-block-uagb-container uagb-block-fb7a7eae alignfull uagb-is-root-container\"><div class=\"uagb-container-inner-blocks-wrap\">\n<div class=\"wp-block-uagb-container uagb-block-7e9070c4\">\n<div class=\"wp-block-uagb-image aligncenter uagb-block-7000d52f wp-block-uagb-image--layout-overlay wp-block-uagb-image--effect-static wp-block-uagb-image--align-center\"><figure class=\"wp-block-uagb-image__figure\"><a class=\"\" href=\"https:\/\/prograd.uepa.br\/forum\/2024\/index.php\/deliberacao\/\" target=\"\" rel=\"noopener\"><img decoding=\"async\" srcset=\"https:\/\/prograd.uepa.br\/forum\/2024\/wp-content\/uploads\/2024\/09\/explicando-termos-e1725906034952.jpg ,https:\/\/prograd.uepa.br\/forum\/2024\/wp-content\/uploads\/2024\/09\/explicando-termos-e1725906034952.jpg 780w, https:\/\/prograd.uepa.br\/forum\/2024\/wp-content\/uploads\/2024\/09\/explicando-termos-e1725906034952.jpg 360w\" sizes=\"auto, (max-width: 480px) 150px\" src=\"https:\/\/prograd.uepa.br\/forum\/2024\/wp-content\/uploads\/2024\/09\/explicando-termos-e1725906034952.jpg\" alt=\"\" class=\"uag-image-333\" width=\"1780\" height=\"1333\" title=\"\" loading=\"lazy\"\/><\/a><div class=\"wp-block-uagb-image--layout-overlay__color-wrapper\"><\/div><div class=\"wp-block-uagb-image--layout-overlay__inner center-center\"><a class=\"wp-block-uagb-image--layout-overlay-link \" href=\"https:\/\/prograd.uepa.br\/forum\/2024\/index.php\/deliberacao\/\" target=\"\" rel=\"noopener\"><\/a><h1 class=\"uagb-image-heading\"><a href=\"https:\/\/prograd.uepa.br\/forum\/2024\/index.php\/deliberacao\/\" data-type=\"link\" data-id=\"https:\/\/prograd.uepa.br\/forum\/2024\/index.php\/deliberacao\/\">Delibera\u00e7\u00e3o<\/a><\/h1><\/div><\/figure><\/div>\n<\/div>\n\n\n\n<div class=\"wp-block-uagb-container uagb-block-e13decec\">\n<div class=\"wp-block-uagb-image uagb-block-da71d519 wp-block-uagb-image--layout-overlay wp-block-uagb-image--effect-static wp-block-uagb-image--align-none\"><figure class=\"wp-block-uagb-image__figure\"><a class=\"\" href=\"https:\/\/prograd.uepa.br\/forum\/2024\/index.php\/salas-virtuais\/\" target=\"\" rel=\"noopener\"><img decoding=\"async\" srcset=\"https:\/\/prograd.uepa.br\/forum\/2024\/wp-content\/uploads\/2024\/09\/pexels-artempodrez-5716001-1-scaled-e1725906125775-1024x767.jpg ,https:\/\/prograd.uepa.br\/forum\/2024\/wp-content\/uploads\/2024\/09\/pexels-artempodrez-5716001-1-scaled-e1725906125775.jpg 780w, https:\/\/prograd.uepa.br\/forum\/2024\/wp-content\/uploads\/2024\/09\/pexels-artempodrez-5716001-1-scaled-e1725906125775.jpg 360w\" sizes=\"auto, (max-width: 480px) 150px\" src=\"https:\/\/prograd.uepa.br\/forum\/2024\/wp-content\/uploads\/2024\/09\/pexels-artempodrez-5716001-1-scaled-e1725906125775-1024x767.jpg\" alt=\"\" class=\"uag-image-334\" width=\"600\" height=\"400\" title=\"\" loading=\"lazy\"\/><\/a><div class=\"wp-block-uagb-image--layout-overlay__color-wrapper\"><\/div><div class=\"wp-block-uagb-image--layout-overlay__inner center-center\"><a class=\"wp-block-uagb-image--layout-overlay-link \" href=\"https:\/\/prograd.uepa.br\/forum\/2024\/index.php\/salas-virtuais\/\" target=\"\" rel=\"noopener\"><\/a><h1 class=\"uagb-image-heading\"><a href=\"https:\/\/prograd.uepa.br\/forum\/2024\/index.php\/salas-virtuais\/\">Salas Virtuais<\/a><\/h1><\/div><\/figure><\/div>\n<\/div>\n<\/div><\/div>\n<\/div><\/div>\n","protected":false},"excerpt":{"rendered":"<p>Bem-vindo! I Simp\u00f3sio da PROGRADIII F\u00f3rum de Gradua\u00e7\u00e3o da UEPAEnsino, aprendizagem e intelig\u00eancia artificial<\/p>\n","protected":false},"author":1,"featured_media":0,"parent":0,"menu_order":0,"comment_status":"closed","ping_status":"closed","template":"","meta":{"_uag_custom_page_level_css":"","site-sidebar-layout":"default","site-content-layout":"","ast-site-content-layout":"","site-content-style":"default","site-sidebar-style":"default","ast-global-header-display":"","ast-banner-title-visibility":"","ast-main-header-display":"","ast-hfb-above-header-display":"","ast-hfb-below-header-display":"","ast-hfb-mobile-header-display":"","site-post-title":"disabled","ast-breadcrumbs-content":"","ast-featured-img":"","footer-sml-layout":"","theme-transparent-header-meta":"enabled","adv-header-id-meta":"","stick-header-meta":"","header-above-stick-meta":"","header-main-stick-meta":"","header-below-stick-meta":"","astra-migrate-meta-layouts":"default","ast-page-background-enabled":"default","ast-page-background-meta":{"desktop":{"background-color":"var(--ast-global-color-4)","background-image":"","background-repeat":"repeat","background-position":"center center","background-size":"auto","background-attachment":"scroll","background-type":"","background-media":"","overlay-type":"","overlay-color":"","overlay-gradient":""},"tablet":{"background-color":"","background-image":"","background-repeat":"repeat","background-position":"center center","background-size":"auto","background-attachment":"scroll","background-type":"","background-media":"","overlay-type":"","overlay-color":"","overlay-gradient":""},"mobile":{"background-color":"","background-image":"","background-repeat":"repeat","background-position":"center center","background-size":"auto","background-attachment":"scroll","background-type":"","background-media":"","overlay-type":"","overlay-color":"","overlay-gradient":""}},"ast-content-background-meta":{"desktop":{"background-color":"var(--ast-global-color-5)","background-image":"","background-repeat":"repeat","background-position":"center center","background-size":"auto","background-attachment":"scroll","background-type":"","background-media":"","overlay-type":"","overlay-color":"","overlay-gradient":""},"tablet":{"background-color":"var(--ast-global-color-5)","background-image":"","background-repeat":"repeat","background-position":"center center","background-size":"auto","background-attachment":"scroll","background-type":"","background-media":"","overlay-type":"","overlay-color":"","overlay-gradient":""},"mobile":{"background-color":"var(--ast-global-color-5)","background-image":"","background-repeat":"repeat","background-position":"center center","background-size":"auto","background-attachment":"scroll","background-type":"","background-media":"","overlay-type":"","overlay-color":"","overlay-gradient":""}},"footnotes":""},"class_list":["post-8","page","type-page","status-publish","hentry"],"uagb_featured_image_src":{"full":false,"thumbnail":false,"medium":false,"medium_large":false,"large":false,"1536x1536":false,"2048x2048":false},"uagb_author_info":{"display_name":"adminsites@uepa.br","author_link":"https:\/\/prograd.uepa.br\/forum\/2024\/index.php\/author\/adminsitesuepa-br\/"},"uagb_comment_info":0,"uagb_excerpt":"Bem-vindo! I Simp\u00f3sio da PROGRADIII F\u00f3rum de Gradua\u00e7\u00e3o da UEPAEnsino, aprendizagem e intelig\u00eancia artificial","_links":{"self":[{"href":"https:\/\/prograd.uepa.br\/forum\/2024\/index.php\/wp-json\/wp\/v2\/pages\/8","targetHints":{"allow":["GET"]}}],"collection":[{"href":"https:\/\/prograd.uepa.br\/forum\/2024\/index.php\/wp-json\/wp\/v2\/pages"}],"about":[{"href":"https:\/\/prograd.uepa.br\/forum\/2024\/index.php\/wp-json\/wp\/v2\/types\/page"}],"author":[{"embeddable":true,"href":"https:\/\/prograd.uepa.br\/forum\/2024\/index.php\/wp-json\/wp\/v2\/users\/1"}],"replies":[{"embeddable":true,"href":"https:\/\/prograd.uepa.br\/forum\/2024\/index.php\/wp-json\/wp\/v2\/comments?post=8"}],"version-history":[{"count":53,"href":"https:\/\/prograd.uepa.br\/forum\/2024\/index.php\/wp-json\/wp\/v2\/pages\/8\/revisions"}],"predecessor-version":[{"id":343,"href":"https:\/\/prograd.uepa.br\/forum\/2024\/index.php\/wp-json\/wp\/v2\/pages\/8\/revisions\/343"}],"wp:attachment":[{"href":"https:\/\/prograd.uepa.br\/forum\/2024\/index.php\/wp-json\/wp\/v2\/media?parent=8"}],"curies":[{"name":"wp","href":"https:\/\/api.w.org\/{rel}","templated":true}]}}